{"id":180365,"date":"2024-11-21T21:54:00","date_gmt":"2024-11-21T21:54:00","guid":{"rendered":"https:\/\/stgcsunitec.wpenginepowered.com\/product\/discos-de-laminas-para-desbarbado-de-chapa\/"},"modified":"2024-11-21T21:54:00","modified_gmt":"2024-11-22T02:54:00","slug":"discos-de-laminas-para-desbarbado-de-chapa","status":"publish","type":"product","link":"https:\/\/csunitec.com\/es\/producto\/discos-de-laminas-para-desbarbado-de-chapa\/","title":{"rendered":"Discos de l\u00e1minas para desbarbado de chapa"},"content":{"rendered":"<ul>\n<li>Discos de l\u00e1minas para chapa desbarban bordes afilados en acero, acero inoxidable, aluminio y metales no f\u00e9rricos<\/li>\n<li>Ideal para preparar biseles para soldar<\/li>\n<li>Para entornos de producci\u00f3n de gran volumen que requieren una calidad de cantos repetible y uniforme<\/li>\n<\/ul>\n","protected":false},"excerpt":{"rendered":"<ul>\n<li>Ruedas de l\u00e1minas de recambio para desbarbado de chapa<\/li>\n<li>Compresi\u00f3n dura especial para desbarbadoras<\/li>\n<li>Autoafilado y vida \u00fatil extremadamente larga<\/li>\n<\/ul>\n","protected":false},"featured_media":164834,"template":"","meta":[],"product_brand":[],"product_cat":[1124],"product_tag":[1210],"accessory_type":[927],"application":[1126],"hand_tool_type":[],"industry":[933],"material":[],"power_tool_type":[],"power_type":[],"subcategory":[1213],"tool_type":[943],"class_list":{"0":"post-180365","1":"product","2":"type-product","3":"status-publish","4":"has-post-thumbnail","6":"product_cat-acabado-de-superficies-metalicas","7":"product_tag-accesorios-para-desbarbadoras","8":"accessory_type-accesorio","9":"application-acabado","10":"industry-metalurgia-2","11":"subcategory-maquinas-desbarbadoras","12":"tool_type-accesorio","14":"first","15":"instock","16":"shipping-taxable","17":"purchasable","18":"product-type-variable"},"yoast_head":"<!-- This site is optimized with the Yoast SEO plugin v27.5 - https:\/\/yoast.com\/product\/yoast-seo-wordpress\/ -->\n<title>Discos de l\u00e1minas para desbarbado de chapa - CS Unitec<\/title>\n<meta name=\"description\" content=\"Los Discos de L\u00e1minas para Chapa Desbarban bordes afilados en acero, acero inoxidable, aluminio y metales no f\u00e9rreos. Para usar con desbarbadoras.\" \/>\n<meta name=\"robots\" content=\"index, follow, max-snippet:-1, max-image-preview:large, max-video-preview:-1\" \/>\n<link rel=\"canonical\" href=\"https:\/\/csunitec.com\/es\/producto\/discos-de-laminas-para-desbarbado-de-chapa\/\" \/>\n<meta property=\"og:locale\" content=\"es_ES\" \/>\n<meta property=\"og:type\" content=\"article\" \/>\n<meta property=\"og:title\" content=\"Discos de l\u00e1minas para desbarbado de chapa - CS Unitec\" \/>\n<meta property=\"og:description\" content=\"Los Discos de L\u00e1minas para Chapa Desbarban bordes afilados en acero, acero inoxidable, aluminio y metales no f\u00e9rreos. Para usar con desbarbadoras.\" \/>\n<meta property=\"og:url\" content=\"https:\/\/csunitec.com\/es\/producto\/discos-de-laminas-para-desbarbado-de-chapa\/\" \/>\n<meta property=\"og:site_name\" content=\"CS Unitec\" \/>\n<meta property=\"article:modified_time\" content=\"2024-11-22T02:54:00+00:00\" \/>\n<meta property=\"og:image\" content=\"https:\/\/csunitec.com\/wp-content\/uploads\/2025\/04\/Deburring-Machine-Flap-Discs-11-2.png\" \/>\n\t<meta property=\"og:image:width\" content=\"1000\" \/>\n\t<meta property=\"og:image:height\" content=\"1000\" \/>\n\t<meta property=\"og:image:type\" content=\"image\/png\" \/>\n<meta name=\"twitter:card\" content=\"summary_large_image\" \/>\n<script type=\"application\/ld+json\" class=\"yoast-schema-graph\">{\"@context\":\"https:\\\/\\\/schema.org\",\"@graph\":[{\"@type\":\"WebPage\",\"@id\":\"https:\\\/\\\/csunitec.com\\\/es\\\/producto\\\/discos-de-laminas-para-desbarbado-de-chapa\\\/\",\"url\":\"https:\\\/\\\/csunitec.com\\\/es\\\/producto\\\/discos-de-laminas-para-desbarbado-de-chapa\\\/\",\"name\":\"Discos de l\u00e1minas para desbarbado de chapa - CS Unitec\",\"isPartOf\":{\"@id\":\"https:\\\/\\\/csunitec.com\\\/es\\\/#website\"},\"primaryImageOfPage\":{\"@id\":\"https:\\\/\\\/csunitec.com\\\/es\\\/producto\\\/discos-de-laminas-para-desbarbado-de-chapa\\\/#primaryimage\"},\"image\":{\"@id\":\"https:\\\/\\\/csunitec.com\\\/es\\\/producto\\\/discos-de-laminas-para-desbarbado-de-chapa\\\/#primaryimage\"},\"thumbnailUrl\":\"https:\\\/\\\/csunitec.com\\\/wp-content\\\/uploads\\\/2025\\\/04\\\/Deburring-Machine-Flap-Discs-11-2.png\",\"datePublished\":\"2024-11-21T21:54:00+00:00\",\"dateModified\":\"2024-11-22T02:54:00+00:00\",\"description\":\"Los Discos de L\u00e1minas para Chapa Desbarban bordes afilados en acero, acero inoxidable, aluminio y metales no f\u00e9rreos. Para usar con desbarbadoras.\",\"breadcrumb\":{\"@id\":\"https:\\\/\\\/csunitec.com\\\/es\\\/producto\\\/discos-de-laminas-para-desbarbado-de-chapa\\\/#breadcrumb\"},\"inLanguage\":\"es\",\"potentialAction\":[{\"@type\":\"ReadAction\",\"target\":[\"https:\\\/\\\/csunitec.com\\\/es\\\/producto\\\/discos-de-laminas-para-desbarbado-de-chapa\\\/\"]}]},{\"@type\":\"ImageObject\",\"inLanguage\":\"es\",\"@id\":\"https:\\\/\\\/csunitec.com\\\/es\\\/producto\\\/discos-de-laminas-para-desbarbado-de-chapa\\\/#primaryimage\",\"url\":\"https:\\\/\\\/csunitec.com\\\/wp-content\\\/uploads\\\/2025\\\/04\\\/Deburring-Machine-Flap-Discs-11-2.png\",\"contentUrl\":\"https:\\\/\\\/csunitec.com\\\/wp-content\\\/uploads\\\/2025\\\/04\\\/Deburring-Machine-Flap-Discs-11-2.png\",\"width\":1000,\"height\":1000},{\"@type\":\"BreadcrumbList\",\"@id\":\"https:\\\/\\\/csunitec.com\\\/es\\\/producto\\\/discos-de-laminas-para-desbarbado-de-chapa\\\/#breadcrumb\",\"itemListElement\":[{\"@type\":\"ListItem\",\"position\":1,\"name\":\"Inicio\",\"item\":\"https:\\\/\\\/csunitec.com\\\/es\\\/\"},{\"@type\":\"ListItem\",\"position\":2,\"name\":\"Tienda\",\"item\":\"https:\\\/\\\/csunitec.com\\\/es\\\/tienda\\\/\"},{\"@type\":\"ListItem\",\"position\":3,\"name\":\"Discos de l\u00e1minas para desbarbado de chapa\"}]},{\"@type\":\"WebSite\",\"@id\":\"https:\\\/\\\/csunitec.com\\\/es\\\/#website\",\"url\":\"https:\\\/\\\/csunitec.com\\\/es\\\/\",\"name\":\"CS Unitec\",\"description\":\"\",\"potentialAction\":[{\"@type\":\"SearchAction\",\"target\":{\"@type\":\"EntryPoint\",\"urlTemplate\":\"https:\\\/\\\/csunitec.com\\\/es\\\/?s={search_term_string}\"},\"query-input\":{\"@type\":\"PropertyValueSpecification\",\"valueRequired\":true,\"valueName\":\"search_term_string\"}}],\"inLanguage\":\"es\"}]}<\/script>\n<!-- \/ Yoast SEO plugin. -->","yoast_head_json":{"title":"Discos de l\u00e1minas para desbarbado de chapa - CS Unitec","description":"Los Discos de L\u00e1minas para Chapa Desbarban bordes afilados en acero, acero inoxidable, aluminio y metales no f\u00e9rreos. Para usar con desbarbadoras.","robots":{"index":"index","follow":"follow","max-snippet":"max-snippet:-1","max-image-preview":"max-image-preview:large","max-video-preview":"max-video-preview:-1"},"canonical":"https:\/\/csunitec.com\/es\/producto\/discos-de-laminas-para-desbarbado-de-chapa\/","og_locale":"es_ES","og_type":"article","og_title":"Discos de l\u00e1minas para desbarbado de chapa - CS Unitec","og_description":"Los Discos de L\u00e1minas para Chapa Desbarban bordes afilados en acero, acero inoxidable, aluminio y metales no f\u00e9rreos. Para usar con desbarbadoras.","og_url":"https:\/\/csunitec.com\/es\/producto\/discos-de-laminas-para-desbarbado-de-chapa\/","og_site_name":"CS Unitec","article_modified_time":"2024-11-22T02:54:00+00:00","og_image":[{"width":1000,"height":1000,"url":"https:\/\/csunitec.com\/wp-content\/uploads\/2025\/04\/Deburring-Machine-Flap-Discs-11-2.png","type":"image\/png"}],"twitter_card":"summary_large_image","schema":{"@context":"https:\/\/schema.org","@graph":[{"@type":"WebPage","@id":"https:\/\/csunitec.com\/es\/producto\/discos-de-laminas-para-desbarbado-de-chapa\/","url":"https:\/\/csunitec.com\/es\/producto\/discos-de-laminas-para-desbarbado-de-chapa\/","name":"Discos de l\u00e1minas para desbarbado de chapa - CS Unitec","isPartOf":{"@id":"https:\/\/csunitec.com\/es\/#website"},"primaryImageOfPage":{"@id":"https:\/\/csunitec.com\/es\/producto\/discos-de-laminas-para-desbarbado-de-chapa\/#primaryimage"},"image":{"@id":"https:\/\/csunitec.com\/es\/producto\/discos-de-laminas-para-desbarbado-de-chapa\/#primaryimage"},"thumbnailUrl":"https:\/\/csunitec.com\/wp-content\/uploads\/2025\/04\/Deburring-Machine-Flap-Discs-11-2.png","datePublished":"2024-11-21T21:54:00+00:00","dateModified":"2024-11-22T02:54:00+00:00","description":"Los Discos de L\u00e1minas para Chapa Desbarban bordes afilados en acero, acero inoxidable, aluminio y metales no f\u00e9rreos. Para usar con desbarbadoras.","breadcrumb":{"@id":"https:\/\/csunitec.com\/es\/producto\/discos-de-laminas-para-desbarbado-de-chapa\/#breadcrumb"},"inLanguage":"es","potentialAction":[{"@type":"ReadAction","target":["https:\/\/csunitec.com\/es\/producto\/discos-de-laminas-para-desbarbado-de-chapa\/"]}]},{"@type":"ImageObject","inLanguage":"es","@id":"https:\/\/csunitec.com\/es\/producto\/discos-de-laminas-para-desbarbado-de-chapa\/#primaryimage","url":"https:\/\/csunitec.com\/wp-content\/uploads\/2025\/04\/Deburring-Machine-Flap-Discs-11-2.png","contentUrl":"https:\/\/csunitec.com\/wp-content\/uploads\/2025\/04\/Deburring-Machine-Flap-Discs-11-2.png","width":1000,"height":1000},{"@type":"BreadcrumbList","@id":"https:\/\/csunitec.com\/es\/producto\/discos-de-laminas-para-desbarbado-de-chapa\/#breadcrumb","itemListElement":[{"@type":"ListItem","position":1,"name":"Inicio","item":"https:\/\/csunitec.com\/es\/"},{"@type":"ListItem","position":2,"name":"Tienda","item":"https:\/\/csunitec.com\/es\/tienda\/"},{"@type":"ListItem","position":3,"name":"Discos de l\u00e1minas para desbarbado de chapa"}]},{"@type":"WebSite","@id":"https:\/\/csunitec.com\/es\/#website","url":"https:\/\/csunitec.com\/es\/","name":"CS Unitec","description":"","potentialAction":[{"@type":"SearchAction","target":{"@type":"EntryPoint","urlTemplate":"https:\/\/csunitec.com\/es\/?s={search_term_string}"},"query-input":{"@type":"PropertyValueSpecification","valueRequired":true,"valueName":"search_term_string"}}],"inLanguage":"es"}]}},"_links":{"self":[{"href":"https:\/\/csunitec.com\/es\/wp-json\/wp\/v2\/product\/180365","targetHints":{"allow":["GET"]}}],"collection":[{"href":"https:\/\/csunitec.com\/es\/wp-json\/wp\/v2\/product"}],"about":[{"href":"https:\/\/csunitec.com\/es\/wp-json\/wp\/v2\/types\/product"}],"wp:featuredmedia":[{"embeddable":true,"href":"https:\/\/csunitec.com\/es\/wp-json\/wp\/v2\/media\/164834"}],"wp:attachment":[{"href":"https:\/\/csunitec.com\/es\/wp-json\/wp\/v2\/media?parent=180365"}],"wp:term":[{"taxonomy":"product_brand","embeddable":true,"href":"https:\/\/csunitec.com\/es\/wp-json\/wp\/v2\/product_brand?post=180365"},{"taxonomy":"product_cat","embeddable":true,"href":"https:\/\/csunitec.com\/es\/wp-json\/wp\/v2\/product_cat?post=180365"},{"taxonomy":"product_tag","embeddable":true,"href":"https:\/\/csunitec.com\/es\/wp-json\/wp\/v2\/product_tag?post=180365"},{"taxonomy":"accessory_type","embeddable":true,"href":"https:\/\/csunitec.com\/es\/wp-json\/wp\/v2\/accessory_type?post=180365"},{"taxonomy":"application","embeddable":true,"href":"https:\/\/csunitec.com\/es\/wp-json\/wp\/v2\/application?post=180365"},{"taxonomy":"hand_tool_type","embeddable":true,"href":"https:\/\/csunitec.com\/es\/wp-json\/wp\/v2\/hand_tool_type?post=180365"},{"taxonomy":"industry","embeddable":true,"href":"https:\/\/csunitec.com\/es\/wp-json\/wp\/v2\/industry?post=180365"},{"taxonomy":"material","embeddable":true,"href":"https:\/\/csunitec.com\/es\/wp-json\/wp\/v2\/material?post=180365"},{"taxonomy":"power_tool_type","embeddable":true,"href":"https:\/\/csunitec.com\/es\/wp-json\/wp\/v2\/power_tool_type?post=180365"},{"taxonomy":"power_type","embeddable":true,"href":"https:\/\/csunitec.com\/es\/wp-json\/wp\/v2\/power_type?post=180365"},{"taxonomy":"subcategory","embeddable":true,"href":"https:\/\/csunitec.com\/es\/wp-json\/wp\/v2\/subcategory?post=180365"},{"taxonomy":"tool_type","embeddable":true,"href":"https:\/\/csunitec.com\/es\/wp-json\/wp\/v2\/tool_type?post=180365"}],"curies":[{"name":"wp","href":"https:\/\/api.w.org\/{rel}","templated":true}]}}