{"id":180389,"date":"2024-11-21T22:15:00","date_gmt":"2024-11-21T22:15:00","guid":{"rendered":"https:\/\/stgcsunitec.wpenginepowered.com\/product\/soportes-para-desbarbadoras\/"},"modified":"2024-11-21T22:15:00","modified_gmt":"2024-11-22T03:15:00","slug":"soportes-para-desbarbadoras","status":"publish","type":"product","link":"https:\/\/csunitec.com\/es\/producto\/soportes-para-desbarbadoras\/","title":{"rendered":"Soportes para desbarbadoras"},"content":{"rendered":"<ul>\n<li>Los Soportes para M\u00e1quinas proporcionan una plataforma dedicada y estable a las vibraciones para biselar y desbarbar de forma consistente chapas, perfiles y componentes met\u00e1licos.<\/li>\n<li>Admite operaciones de acabado de cantos continuas y de gran volumen, manteniendo la m\u00e1quina a una altura y posici\u00f3n de trabajo \u00f3ptimas.<\/li>\n<li>Ofrece una configuraci\u00f3n compacta y organizada para tareas de acabado de cantos de precisi\u00f3n en las que la exactitud y la repetibilidad son importantes.<\/li>\n<\/ul>\n","protected":false},"excerpt":{"rendered":"<ul>\n<li>Robusto soporte de m\u00e1quina de acero con revestimiento de polvo negro<\/li>\n<\/ul>\n","protected":false},"featured_media":164901,"template":"","meta":[],"product_brand":[],"product_cat":[1124],"product_tag":[1210,1389],"accessory_type":[927],"application":[1126],"hand_tool_type":[],"industry":[933],"material":[],"power_tool_type":[],"power_type":[],"subcategory":[1213],"tool_type":[943],"class_list":{"0":"post-180389","1":"product","2":"type-product","3":"status-publish","4":"has-post-thumbnail","6":"product_cat-acabado-de-superficies-metalicas","7":"product_tag-accesorios-para-desbarbadoras","8":"product_tag-soporte-para-maquinas","9":"accessory_type-accesorio","10":"application-acabado","11":"industry-metalurgia-2","12":"subcategory-maquinas-desbarbadoras","13":"tool_type-accesorio","15":"first","16":"instock","17":"shipping-taxable","18":"purchasable","19":"product-type-variable"},"yoast_head":"<!-- This site is optimized with the Yoast SEO plugin v27.5 - https:\/\/yoast.com\/product\/yoast-seo-wordpress\/ -->\n<title>Soportes para desbarbadoras - CS Unitec<\/title>\n<meta name=\"description\" content=\"Los Soportes para M\u00e1quinas proporcionan una plataforma dedicada y estable a las vibraciones para biselar y desbarbar de forma consistente chapas, perfiles y componentes met\u00e1licos.\" \/>\n<meta name=\"robots\" content=\"index, follow, max-snippet:-1, max-image-preview:large, max-video-preview:-1\" \/>\n<link rel=\"canonical\" href=\"https:\/\/csunitec.com\/es\/producto\/soportes-para-desbarbadoras\/\" \/>\n<meta property=\"og:locale\" content=\"es_ES\" \/>\n<meta property=\"og:type\" content=\"article\" \/>\n<meta property=\"og:title\" content=\"Soportes para desbarbadoras - CS Unitec\" \/>\n<meta property=\"og:description\" content=\"Los Soportes para M\u00e1quinas proporcionan una plataforma dedicada y estable a las vibraciones para biselar y desbarbar de forma consistente chapas, perfiles y componentes met\u00e1licos.\" \/>\n<meta property=\"og:url\" content=\"https:\/\/csunitec.com\/es\/producto\/soportes-para-desbarbadoras\/\" \/>\n<meta property=\"og:site_name\" content=\"CS Unitec\" \/>\n<meta property=\"article:modified_time\" content=\"2024-11-22T03:15:00+00:00\" \/>\n<meta property=\"og:image\" content=\"https:\/\/csunitec.com\/wp-content\/uploads\/2025\/04\/Machine-Stand-Deburring-Machines-1-2-1.png\" \/>\n\t<meta property=\"og:image:width\" content=\"1000\" \/>\n\t<meta property=\"og:image:height\" content=\"1000\" \/>\n\t<meta property=\"og:image:type\" content=\"image\/png\" \/>\n<meta name=\"twitter:card\" content=\"summary_large_image\" \/>\n<script type=\"application\/ld+json\" class=\"yoast-schema-graph\">{\"@context\":\"https:\\\/\\\/schema.org\",\"@graph\":[{\"@type\":\"WebPage\",\"@id\":\"https:\\\/\\\/csunitec.com\\\/es\\\/producto\\\/soportes-para-desbarbadoras\\\/\",\"url\":\"https:\\\/\\\/csunitec.com\\\/es\\\/producto\\\/soportes-para-desbarbadoras\\\/\",\"name\":\"Soportes para desbarbadoras - CS Unitec\",\"isPartOf\":{\"@id\":\"https:\\\/\\\/csunitec.com\\\/es\\\/#website\"},\"primaryImageOfPage\":{\"@id\":\"https:\\\/\\\/csunitec.com\\\/es\\\/producto\\\/soportes-para-desbarbadoras\\\/#primaryimage\"},\"image\":{\"@id\":\"https:\\\/\\\/csunitec.com\\\/es\\\/producto\\\/soportes-para-desbarbadoras\\\/#primaryimage\"},\"thumbnailUrl\":\"https:\\\/\\\/csunitec.com\\\/wp-content\\\/uploads\\\/2025\\\/04\\\/Machine-Stand-Deburring-Machines-1-2-1.png\",\"datePublished\":\"2024-11-21T22:15:00+00:00\",\"dateModified\":\"2024-11-22T03:15:00+00:00\",\"description\":\"Los Soportes para M\u00e1quinas proporcionan una plataforma dedicada y estable a las vibraciones para biselar y desbarbar de forma consistente chapas, perfiles y componentes met\u00e1licos.\",\"breadcrumb\":{\"@id\":\"https:\\\/\\\/csunitec.com\\\/es\\\/producto\\\/soportes-para-desbarbadoras\\\/#breadcrumb\"},\"inLanguage\":\"es\",\"potentialAction\":[{\"@type\":\"ReadAction\",\"target\":[\"https:\\\/\\\/csunitec.com\\\/es\\\/producto\\\/soportes-para-desbarbadoras\\\/\"]}]},{\"@type\":\"ImageObject\",\"inLanguage\":\"es\",\"@id\":\"https:\\\/\\\/csunitec.com\\\/es\\\/producto\\\/soportes-para-desbarbadoras\\\/#primaryimage\",\"url\":\"https:\\\/\\\/csunitec.com\\\/wp-content\\\/uploads\\\/2025\\\/04\\\/Machine-Stand-Deburring-Machines-1-2-1.png\",\"contentUrl\":\"https:\\\/\\\/csunitec.com\\\/wp-content\\\/uploads\\\/2025\\\/04\\\/Machine-Stand-Deburring-Machines-1-2-1.png\",\"width\":1000,\"height\":1000},{\"@type\":\"BreadcrumbList\",\"@id\":\"https:\\\/\\\/csunitec.com\\\/es\\\/producto\\\/soportes-para-desbarbadoras\\\/#breadcrumb\",\"itemListElement\":[{\"@type\":\"ListItem\",\"position\":1,\"name\":\"Inicio\",\"item\":\"https:\\\/\\\/csunitec.com\\\/es\\\/\"},{\"@type\":\"ListItem\",\"position\":2,\"name\":\"Tienda\",\"item\":\"https:\\\/\\\/csunitec.com\\\/es\\\/tienda\\\/\"},{\"@type\":\"ListItem\",\"position\":3,\"name\":\"Soportes para desbarbadoras\"}]},{\"@type\":\"WebSite\",\"@id\":\"https:\\\/\\\/csunitec.com\\\/es\\\/#website\",\"url\":\"https:\\\/\\\/csunitec.com\\\/es\\\/\",\"name\":\"CS Unitec\",\"description\":\"\",\"potentialAction\":[{\"@type\":\"SearchAction\",\"target\":{\"@type\":\"EntryPoint\",\"urlTemplate\":\"https:\\\/\\\/csunitec.com\\\/es\\\/?s={search_term_string}\"},\"query-input\":{\"@type\":\"PropertyValueSpecification\",\"valueRequired\":true,\"valueName\":\"search_term_string\"}}],\"inLanguage\":\"es\"}]}<\/script>\n<!-- \/ Yoast SEO plugin. -->","yoast_head_json":{"title":"Soportes para desbarbadoras - CS Unitec","description":"Los Soportes para M\u00e1quinas proporcionan una plataforma dedicada y estable a las vibraciones para biselar y desbarbar de forma consistente chapas, perfiles y componentes met\u00e1licos.","robots":{"index":"index","follow":"follow","max-snippet":"max-snippet:-1","max-image-preview":"max-image-preview:large","max-video-preview":"max-video-preview:-1"},"canonical":"https:\/\/csunitec.com\/es\/producto\/soportes-para-desbarbadoras\/","og_locale":"es_ES","og_type":"article","og_title":"Soportes para desbarbadoras - CS Unitec","og_description":"Los Soportes para M\u00e1quinas proporcionan una plataforma dedicada y estable a las vibraciones para biselar y desbarbar de forma consistente chapas, perfiles y componentes met\u00e1licos.","og_url":"https:\/\/csunitec.com\/es\/producto\/soportes-para-desbarbadoras\/","og_site_name":"CS Unitec","article_modified_time":"2024-11-22T03:15:00+00:00","og_image":[{"width":1000,"height":1000,"url":"https:\/\/csunitec.com\/wp-content\/uploads\/2025\/04\/Machine-Stand-Deburring-Machines-1-2-1.png","type":"image\/png"}],"twitter_card":"summary_large_image","schema":{"@context":"https:\/\/schema.org","@graph":[{"@type":"WebPage","@id":"https:\/\/csunitec.com\/es\/producto\/soportes-para-desbarbadoras\/","url":"https:\/\/csunitec.com\/es\/producto\/soportes-para-desbarbadoras\/","name":"Soportes para desbarbadoras - CS Unitec","isPartOf":{"@id":"https:\/\/csunitec.com\/es\/#website"},"primaryImageOfPage":{"@id":"https:\/\/csunitec.com\/es\/producto\/soportes-para-desbarbadoras\/#primaryimage"},"image":{"@id":"https:\/\/csunitec.com\/es\/producto\/soportes-para-desbarbadoras\/#primaryimage"},"thumbnailUrl":"https:\/\/csunitec.com\/wp-content\/uploads\/2025\/04\/Machine-Stand-Deburring-Machines-1-2-1.png","datePublished":"2024-11-21T22:15:00+00:00","dateModified":"2024-11-22T03:15:00+00:00","description":"Los Soportes para M\u00e1quinas proporcionan una plataforma dedicada y estable a las vibraciones para biselar y desbarbar de forma consistente chapas, perfiles y componentes met\u00e1licos.","breadcrumb":{"@id":"https:\/\/csunitec.com\/es\/producto\/soportes-para-desbarbadoras\/#breadcrumb"},"inLanguage":"es","potentialAction":[{"@type":"ReadAction","target":["https:\/\/csunitec.com\/es\/producto\/soportes-para-desbarbadoras\/"]}]},{"@type":"ImageObject","inLanguage":"es","@id":"https:\/\/csunitec.com\/es\/producto\/soportes-para-desbarbadoras\/#primaryimage","url":"https:\/\/csunitec.com\/wp-content\/uploads\/2025\/04\/Machine-Stand-Deburring-Machines-1-2-1.png","contentUrl":"https:\/\/csunitec.com\/wp-content\/uploads\/2025\/04\/Machine-Stand-Deburring-Machines-1-2-1.png","width":1000,"height":1000},{"@type":"BreadcrumbList","@id":"https:\/\/csunitec.com\/es\/producto\/soportes-para-desbarbadoras\/#breadcrumb","itemListElement":[{"@type":"ListItem","position":1,"name":"Inicio","item":"https:\/\/csunitec.com\/es\/"},{"@type":"ListItem","position":2,"name":"Tienda","item":"https:\/\/csunitec.com\/es\/tienda\/"},{"@type":"ListItem","position":3,"name":"Soportes para desbarbadoras"}]},{"@type":"WebSite","@id":"https:\/\/csunitec.com\/es\/#website","url":"https:\/\/csunitec.com\/es\/","name":"CS Unitec","description":"","potentialAction":[{"@type":"SearchAction","target":{"@type":"EntryPoint","urlTemplate":"https:\/\/csunitec.com\/es\/?s={search_term_string}"},"query-input":{"@type":"PropertyValueSpecification","valueRequired":true,"valueName":"search_term_string"}}],"inLanguage":"es"}]}},"_links":{"self":[{"href":"https:\/\/csunitec.com\/es\/wp-json\/wp\/v2\/product\/180389","targetHints":{"allow":["GET"]}}],"collection":[{"href":"https:\/\/csunitec.com\/es\/wp-json\/wp\/v2\/product"}],"about":[{"href":"https:\/\/csunitec.com\/es\/wp-json\/wp\/v2\/types\/product"}],"wp:featuredmedia":[{"embeddable":true,"href":"https:\/\/csunitec.com\/es\/wp-json\/wp\/v2\/media\/164901"}],"wp:attachment":[{"href":"https:\/\/csunitec.com\/es\/wp-json\/wp\/v2\/media?parent=180389"}],"wp:term":[{"taxonomy":"product_brand","embeddable":true,"href":"https:\/\/csunitec.com\/es\/wp-json\/wp\/v2\/product_brand?post=180389"},{"taxonomy":"product_cat","embeddable":true,"href":"https:\/\/csunitec.com\/es\/wp-json\/wp\/v2\/product_cat?post=180389"},{"taxonomy":"product_tag","embeddable":true,"href":"https:\/\/csunitec.com\/es\/wp-json\/wp\/v2\/product_tag?post=180389"},{"taxonomy":"accessory_type","embeddable":true,"href":"https:\/\/csunitec.com\/es\/wp-json\/wp\/v2\/accessory_type?post=180389"},{"taxonomy":"application","embeddable":true,"href":"https:\/\/csunitec.com\/es\/wp-json\/wp\/v2\/application?post=180389"},{"taxonomy":"hand_tool_type","embeddable":true,"href":"https:\/\/csunitec.com\/es\/wp-json\/wp\/v2\/hand_tool_type?post=180389"},{"taxonomy":"industry","embeddable":true,"href":"https:\/\/csunitec.com\/es\/wp-json\/wp\/v2\/industry?post=180389"},{"taxonomy":"material","embeddable":true,"href":"https:\/\/csunitec.com\/es\/wp-json\/wp\/v2\/material?post=180389"},{"taxonomy":"power_tool_type","embeddable":true,"href":"https:\/\/csunitec.com\/es\/wp-json\/wp\/v2\/power_tool_type?post=180389"},{"taxonomy":"power_type","embeddable":true,"href":"https:\/\/csunitec.com\/es\/wp-json\/wp\/v2\/power_type?post=180389"},{"taxonomy":"subcategory","embeddable":true,"href":"https:\/\/csunitec.com\/es\/wp-json\/wp\/v2\/subcategory?post=180389"},{"taxonomy":"tool_type","embeddable":true,"href":"https:\/\/csunitec.com\/es\/wp-json\/wp\/v2\/tool_type?post=180389"}],"curies":[{"name":"wp","href":"https:\/\/api.w.org\/{rel}","templated":true}]}}