{"id":182786,"date":"2024-11-06T20:40:00","date_gmt":"2024-11-06T20:40:00","guid":{"rendered":"https:\/\/stgcsunitec.wpenginepowered.com\/product\/llave-hexagonal-esferica-larga\/"},"modified":"2024-11-06T20:40:00","modified_gmt":"2024-11-07T01:40:00","slug":"llave-hexagonal-esferica-larga","status":"publish","type":"product","link":"https:\/\/csunitec.com\/es\/producto\/llave-hexagonal-esferica-larga\/","title":{"rendered":"Llave hexagonal esf\u00e9rica, larga"},"content":{"rendered":"<ul>\n<li>Llave hexagonal esf\u00e9rica antichispas y antimagn\u00e9tica<\/li>\n<li>Resistente a la corrosi\u00f3n<\/li>\n<li>Producci\u00f3n certificada ISO 9001:2015, materiales certificados TUV<\/li>\n<li>Garant\u00eda de por vida<\/li>\n<\/ul>\n","protected":false},"excerpt":{"rendered":"<ul>\n<li>Sin chispas<\/li>\n<li>No magn\u00e9tico<\/li>\n<li>Resistente a la corrosi\u00f3n<\/li>\n<\/ul>\n","protected":false},"featured_media":161765,"template":"","meta":[],"product_brand":[],"product_cat":[1048],"product_tag":[1053,1452],"accessory_type":[],"application":[1045],"hand_tool_type":[1451],"industry":[1047],"material":[],"power_tool_type":[],"power_type":[],"subcategory":[1054],"tool_type":[1041],"class_list":{"0":"post-182786","1":"product","2":"type-product","3":"status-publish","4":"has-post-thumbnail","6":"product_cat-herramientas-de-seguridad","7":"product_tag-cobre-berilio-2","8":"product_tag-llaves-allen","9":"application-herramientas-antichispas","10":"hand_tool_type-llaves-allen","11":"industry-petroquimica","12":"subcategory-herramientas-de-apriete","13":"tool_type-herramienta-manual-antichispas","15":"first","16":"instock","17":"shipping-taxable","18":"purchasable","19":"product-type-variable"},"yoast_head":"<!-- This site is optimized with the Yoast SEO plugin v27.5 - https:\/\/yoast.com\/product\/yoast-seo-wordpress\/ -->\n<title>Llave hexagonal esf\u00e9rica, larga - CS Unitec<\/title>\n<meta name=\"description\" content=\"Llave hexagonal de punta esf\u00e9rica que no produce chispas, dise\u00f1ada para entornos peligrosos o ATEX\/Ex, con entrada en \u00e1ngulo de punta esf\u00e9rica, acceso de largo alcance y enganche suave del tornillo.\" \/>\n<meta name=\"robots\" content=\"index, follow, max-snippet:-1, max-image-preview:large, max-video-preview:-1\" \/>\n<link rel=\"canonical\" href=\"https:\/\/csunitec.com\/es\/producto\/llave-hexagonal-esferica-larga\/\" \/>\n<meta property=\"og:locale\" content=\"es_ES\" \/>\n<meta property=\"og:type\" content=\"article\" \/>\n<meta property=\"og:title\" content=\"Llave hexagonal esf\u00e9rica, larga - CS Unitec\" \/>\n<meta property=\"og:description\" content=\"Llave hexagonal de punta esf\u00e9rica que no produce chispas, dise\u00f1ada para entornos peligrosos o ATEX\/Ex, con entrada en \u00e1ngulo de punta esf\u00e9rica, acceso de largo alcance y enganche suave del tornillo.\" \/>\n<meta property=\"og:url\" content=\"https:\/\/csunitec.com\/es\/producto\/llave-hexagonal-esferica-larga\/\" \/>\n<meta property=\"og:site_name\" content=\"CS Unitec\" \/>\n<meta property=\"article:modified_time\" content=\"2024-11-07T01:40:00+00:00\" \/>\n<meta property=\"og:image\" content=\"https:\/\/csunitec.com\/wp-content\/uploads\/2025\/04\/EX209L-Long-Allen-Key-Wrench-3-1.png\" \/>\n\t<meta property=\"og:image:width\" content=\"1000\" \/>\n\t<meta property=\"og:image:height\" content=\"1000\" \/>\n\t<meta property=\"og:image:type\" content=\"image\/png\" \/>\n<meta name=\"twitter:card\" content=\"summary_large_image\" \/>\n<script type=\"application\/ld+json\" class=\"yoast-schema-graph\">{\"@context\":\"https:\\\/\\\/schema.org\",\"@graph\":[{\"@type\":\"WebPage\",\"@id\":\"https:\\\/\\\/csunitec.com\\\/es\\\/producto\\\/llave-hexagonal-esferica-larga\\\/\",\"url\":\"https:\\\/\\\/csunitec.com\\\/es\\\/producto\\\/llave-hexagonal-esferica-larga\\\/\",\"name\":\"Llave hexagonal esf\u00e9rica, larga - CS Unitec\",\"isPartOf\":{\"@id\":\"https:\\\/\\\/csunitec.com\\\/es\\\/#website\"},\"primaryImageOfPage\":{\"@id\":\"https:\\\/\\\/csunitec.com\\\/es\\\/producto\\\/llave-hexagonal-esferica-larga\\\/#primaryimage\"},\"image\":{\"@id\":\"https:\\\/\\\/csunitec.com\\\/es\\\/producto\\\/llave-hexagonal-esferica-larga\\\/#primaryimage\"},\"thumbnailUrl\":\"https:\\\/\\\/csunitec.com\\\/wp-content\\\/uploads\\\/2025\\\/04\\\/EX209L-Long-Allen-Key-Wrench-3-1.png\",\"datePublished\":\"2024-11-06T20:40:00+00:00\",\"dateModified\":\"2024-11-07T01:40:00+00:00\",\"description\":\"Llave hexagonal de punta esf\u00e9rica que no produce chispas, dise\u00f1ada para entornos peligrosos o ATEX\\\/Ex, con entrada en \u00e1ngulo de punta esf\u00e9rica, acceso de largo alcance y enganche suave del tornillo.\",\"breadcrumb\":{\"@id\":\"https:\\\/\\\/csunitec.com\\\/es\\\/producto\\\/llave-hexagonal-esferica-larga\\\/#breadcrumb\"},\"inLanguage\":\"es\",\"potentialAction\":[{\"@type\":\"ReadAction\",\"target\":[\"https:\\\/\\\/csunitec.com\\\/es\\\/producto\\\/llave-hexagonal-esferica-larga\\\/\"]}]},{\"@type\":\"ImageObject\",\"inLanguage\":\"es\",\"@id\":\"https:\\\/\\\/csunitec.com\\\/es\\\/producto\\\/llave-hexagonal-esferica-larga\\\/#primaryimage\",\"url\":\"https:\\\/\\\/csunitec.com\\\/wp-content\\\/uploads\\\/2025\\\/04\\\/EX209L-Long-Allen-Key-Wrench-3-1.png\",\"contentUrl\":\"https:\\\/\\\/csunitec.com\\\/wp-content\\\/uploads\\\/2025\\\/04\\\/EX209L-Long-Allen-Key-Wrench-3-1.png\",\"width\":1000,\"height\":1000},{\"@type\":\"BreadcrumbList\",\"@id\":\"https:\\\/\\\/csunitec.com\\\/es\\\/producto\\\/llave-hexagonal-esferica-larga\\\/#breadcrumb\",\"itemListElement\":[{\"@type\":\"ListItem\",\"position\":1,\"name\":\"Inicio\",\"item\":\"https:\\\/\\\/csunitec.com\\\/es\\\/\"},{\"@type\":\"ListItem\",\"position\":2,\"name\":\"Tienda\",\"item\":\"https:\\\/\\\/csunitec.com\\\/es\\\/tienda\\\/\"},{\"@type\":\"ListItem\",\"position\":3,\"name\":\"Llave hexagonal esf\u00e9rica, larga\"}]},{\"@type\":\"WebSite\",\"@id\":\"https:\\\/\\\/csunitec.com\\\/es\\\/#website\",\"url\":\"https:\\\/\\\/csunitec.com\\\/es\\\/\",\"name\":\"CS Unitec\",\"description\":\"\",\"potentialAction\":[{\"@type\":\"SearchAction\",\"target\":{\"@type\":\"EntryPoint\",\"urlTemplate\":\"https:\\\/\\\/csunitec.com\\\/es\\\/?s={search_term_string}\"},\"query-input\":{\"@type\":\"PropertyValueSpecification\",\"valueRequired\":true,\"valueName\":\"search_term_string\"}}],\"inLanguage\":\"es\"}]}<\/script>\n<!-- \/ Yoast SEO plugin. -->","yoast_head_json":{"title":"Llave hexagonal esf\u00e9rica, larga - CS Unitec","description":"Llave hexagonal de punta esf\u00e9rica que no produce chispas, dise\u00f1ada para entornos peligrosos o ATEX\/Ex, con entrada en \u00e1ngulo de punta esf\u00e9rica, acceso de largo alcance y enganche suave del tornillo.","robots":{"index":"index","follow":"follow","max-snippet":"max-snippet:-1","max-image-preview":"max-image-preview:large","max-video-preview":"max-video-preview:-1"},"canonical":"https:\/\/csunitec.com\/es\/producto\/llave-hexagonal-esferica-larga\/","og_locale":"es_ES","og_type":"article","og_title":"Llave hexagonal esf\u00e9rica, larga - CS Unitec","og_description":"Llave hexagonal de punta esf\u00e9rica que no produce chispas, dise\u00f1ada para entornos peligrosos o ATEX\/Ex, con entrada en \u00e1ngulo de punta esf\u00e9rica, acceso de largo alcance y enganche suave del tornillo.","og_url":"https:\/\/csunitec.com\/es\/producto\/llave-hexagonal-esferica-larga\/","og_site_name":"CS Unitec","article_modified_time":"2024-11-07T01:40:00+00:00","og_image":[{"width":1000,"height":1000,"url":"https:\/\/csunitec.com\/wp-content\/uploads\/2025\/04\/EX209L-Long-Allen-Key-Wrench-3-1.png","type":"image\/png"}],"twitter_card":"summary_large_image","schema":{"@context":"https:\/\/schema.org","@graph":[{"@type":"WebPage","@id":"https:\/\/csunitec.com\/es\/producto\/llave-hexagonal-esferica-larga\/","url":"https:\/\/csunitec.com\/es\/producto\/llave-hexagonal-esferica-larga\/","name":"Llave hexagonal esf\u00e9rica, larga - CS Unitec","isPartOf":{"@id":"https:\/\/csunitec.com\/es\/#website"},"primaryImageOfPage":{"@id":"https:\/\/csunitec.com\/es\/producto\/llave-hexagonal-esferica-larga\/#primaryimage"},"image":{"@id":"https:\/\/csunitec.com\/es\/producto\/llave-hexagonal-esferica-larga\/#primaryimage"},"thumbnailUrl":"https:\/\/csunitec.com\/wp-content\/uploads\/2025\/04\/EX209L-Long-Allen-Key-Wrench-3-1.png","datePublished":"2024-11-06T20:40:00+00:00","dateModified":"2024-11-07T01:40:00+00:00","description":"Llave hexagonal de punta esf\u00e9rica que no produce chispas, dise\u00f1ada para entornos peligrosos o ATEX\/Ex, con entrada en \u00e1ngulo de punta esf\u00e9rica, acceso de largo alcance y enganche suave del tornillo.","breadcrumb":{"@id":"https:\/\/csunitec.com\/es\/producto\/llave-hexagonal-esferica-larga\/#breadcrumb"},"inLanguage":"es","potentialAction":[{"@type":"ReadAction","target":["https:\/\/csunitec.com\/es\/producto\/llave-hexagonal-esferica-larga\/"]}]},{"@type":"ImageObject","inLanguage":"es","@id":"https:\/\/csunitec.com\/es\/producto\/llave-hexagonal-esferica-larga\/#primaryimage","url":"https:\/\/csunitec.com\/wp-content\/uploads\/2025\/04\/EX209L-Long-Allen-Key-Wrench-3-1.png","contentUrl":"https:\/\/csunitec.com\/wp-content\/uploads\/2025\/04\/EX209L-Long-Allen-Key-Wrench-3-1.png","width":1000,"height":1000},{"@type":"BreadcrumbList","@id":"https:\/\/csunitec.com\/es\/producto\/llave-hexagonal-esferica-larga\/#breadcrumb","itemListElement":[{"@type":"ListItem","position":1,"name":"Inicio","item":"https:\/\/csunitec.com\/es\/"},{"@type":"ListItem","position":2,"name":"Tienda","item":"https:\/\/csunitec.com\/es\/tienda\/"},{"@type":"ListItem","position":3,"name":"Llave hexagonal esf\u00e9rica, larga"}]},{"@type":"WebSite","@id":"https:\/\/csunitec.com\/es\/#website","url":"https:\/\/csunitec.com\/es\/","name":"CS Unitec","description":"","potentialAction":[{"@type":"SearchAction","target":{"@type":"EntryPoint","urlTemplate":"https:\/\/csunitec.com\/es\/?s={search_term_string}"},"query-input":{"@type":"PropertyValueSpecification","valueRequired":true,"valueName":"search_term_string"}}],"inLanguage":"es"}]}},"_links":{"self":[{"href":"https:\/\/csunitec.com\/es\/wp-json\/wp\/v2\/product\/182786","targetHints":{"allow":["GET"]}}],"collection":[{"href":"https:\/\/csunitec.com\/es\/wp-json\/wp\/v2\/product"}],"about":[{"href":"https:\/\/csunitec.com\/es\/wp-json\/wp\/v2\/types\/product"}],"wp:featuredmedia":[{"embeddable":true,"href":"https:\/\/csunitec.com\/es\/wp-json\/wp\/v2\/media\/161765"}],"wp:attachment":[{"href":"https:\/\/csunitec.com\/es\/wp-json\/wp\/v2\/media?parent=182786"}],"wp:term":[{"taxonomy":"product_brand","embeddable":true,"href":"https:\/\/csunitec.com\/es\/wp-json\/wp\/v2\/product_brand?post=182786"},{"taxonomy":"product_cat","embeddable":true,"href":"https:\/\/csunitec.com\/es\/wp-json\/wp\/v2\/product_cat?post=182786"},{"taxonomy":"product_tag","embeddable":true,"href":"https:\/\/csunitec.com\/es\/wp-json\/wp\/v2\/product_tag?post=182786"},{"taxonomy":"accessory_type","embeddable":true,"href":"https:\/\/csunitec.com\/es\/wp-json\/wp\/v2\/accessory_type?post=182786"},{"taxonomy":"application","embeddable":true,"href":"https:\/\/csunitec.com\/es\/wp-json\/wp\/v2\/application?post=182786"},{"taxonomy":"hand_tool_type","embeddable":true,"href":"https:\/\/csunitec.com\/es\/wp-json\/wp\/v2\/hand_tool_type?post=182786"},{"taxonomy":"industry","embeddable":true,"href":"https:\/\/csunitec.com\/es\/wp-json\/wp\/v2\/industry?post=182786"},{"taxonomy":"material","embeddable":true,"href":"https:\/\/csunitec.com\/es\/wp-json\/wp\/v2\/material?post=182786"},{"taxonomy":"power_tool_type","embeddable":true,"href":"https:\/\/csunitec.com\/es\/wp-json\/wp\/v2\/power_tool_type?post=182786"},{"taxonomy":"power_type","embeddable":true,"href":"https:\/\/csunitec.com\/es\/wp-json\/wp\/v2\/power_type?post=182786"},{"taxonomy":"subcategory","embeddable":true,"href":"https:\/\/csunitec.com\/es\/wp-json\/wp\/v2\/subcategory?post=182786"},{"taxonomy":"tool_type","embeddable":true,"href":"https:\/\/csunitec.com\/es\/wp-json\/wp\/v2\/tool_type?post=182786"}],"curies":[{"name":"wp","href":"https:\/\/api.w.org\/{rel}","templated":true}]}}